{"id":4128,"date":"2019-02-15T09:54:39","date_gmt":"2019-02-15T09:54:39","guid":{"rendered":"http:\/\/www.esteticderm.com.tr\/sivilce-bakimi\/"},"modified":"2024-12-21T13:30:29","modified_gmt":"2024-12-21T10:30:29","slug":"acne-care","status":"publish","type":"page","link":"https:\/\/www.esteticderm.com.tr\/en\/acne-care\/","title":{"rendered":"Acne Care"},"content":{"rendered":"\t\t<div data-elementor-type=\"wp-page\" data-elementor-id=\"4128\" class=\"elementor elementor-4128\" data-elementor-post-type=\"page\">\n\t\t\t\t<div class=\"elementor-element elementor-element-2fd42aa0 e-flex e-con-boxed e-con e-parent\" data-id=\"2fd42aa0\" data-element_type=\"container\" data-e-type=\"container\">\n\t\t\t\t\t<div class=\"e-con-inner\">\n\t\t\t\t<div class=\"elementor-element elementor-element-4ce70023 elementor-widget elementor-widget-text-editor\" data-id=\"4ce70023\" data-element_type=\"widget\" data-e-type=\"widget\" data-widget_type=\"text-editor.default\">\n\t\t\t\t<div class=\"elementor-widget-container\">\n\t\t\t\t\t\t\t\t\t\n<p>Acne \/ pimples may occur as a result of clogging of the skin pores with factors such as dust and dirt. Clogging of pores can also lead to inflammation or blackheads on the skin. Therefore, acne \/ pimple care is very important. Reasons such as lack of hygiene, active activity of the sebaceous glands, hormonal imbalance, stress, and errors in nutrition may be effective in the formation of acne.<\/p>\n\n\n\n\n\n<p>The basic step for acne \/ pimple care is to perform skin care regularly. Scars caused by acne \/ pimples can cause an unpleasant appearance on your skin. However, there are ways to avoid exposing your skin to these scars. You may have skin that looks bright and clear. If you take precautions against acne at the initial stage, it will be easy to get rid of them. The most important thing is to maintain the oil balance in your skin and prevent pores from clogging by regularly removing excess oils.<\/p>\n\n\n\n<p><strong>What are the Causes of Acne \/ Pimple Formation?<\/strong><br>Clogged pores due to not cleansing the skin regularly and adequately<br>excessive hormonal activity<br>Excessive oil production in the skin<br>smoking habit<br>Some drug treatments<br>Wrong eating habits<br>excessive exposure to the sun<br>Irritation caused by squeezing acne<br><\/p>\n\n\n\n<h2 class=\"wp-block-heading\">Who Can Apply Acne Care?<\/h2>\n\n\n\n<p>Acne \/ acne treatment can be provided to anyone over the age of 14 who has active acne or acne problems.<\/p>\n\n\n\n<p>How Long Does Acne \/ Pimple Treatment Take at Ni\u015fanta\u015f\u0131 Esteticderm?<\/p>\n\n\n\n<p>Acne \/ pimple care at Ni\u015fanta\u015f\u0131 Esteticderm; It varies depending on the person&#8217;s acne density, depth and severity.<\/p>\n\n\n\n<p>How is Acne \/ Pimple Care Done at Ni\u015fanta\u015f\u0131 Esteticderm?<\/p>\n\n\n\n<p>After skin analysis is performed by Skin Care Experts at Ni\u015fanta\u015f\u0131 Esteticderm, a special skin cleansing \/ soothing protocol is applied to the person&#8217;s skin with dermocosmetic products.<\/p>\n\n\n\n<p><strong>Things to Consider During Acne\/Pimple Care<\/strong><\/p>\n\n\n\n<p>Acne care should be taken seriously so that your skin is not affected by acne and acne scars do not form. First of all, pimples should not be squeezed or popped. If this precaution is not taken, you cannot avoid acne scars. During acne care, you should protect your skin from sunlight and stay away from stress as much as possible.<\/p>\n\n\n\n<p>To prevent acne from occurring, your skin must be kept clean and skin care must be done regularly. Additionally, you should not apply make-up to the area where acne occurs. In order to avoid acne, you must first prevent acne from occurring on your skin. In this way, your skin can have a healthier appearance.<\/p>\n\n\n\n<p>Nutrition also plays an important role in the fight against acne. You should eat a diet rich in fruits and vegetables and drink plenty of water. In this way, you can support skin cleansing and renewal. In addition, you maintain the moisture balance of the skin this way.<\/p>\n\n\n\n<p>Special creams can be used during acne care. You can apply ice compresses on pimples for 15 minutes. While this application will help your skin be smooth, it will also support the treatment of acne.<\/p>\n\n\n\n<p>You can wipe your skin, especially the area where acne occurs, with apricot kernel oil twice a day. You can make this application a habit, as it will both eliminate acne and revitalize your skin.<\/p>\n\n\n\n<p>Allowing the skin to breathe with mild cleansers during daily skin care will help open the pores. You should avoid hand contact with acne. If you must touch, your hands must be clean. A steam bath you give to your skin once a week will also open the pores and prevent acne formation. It will also make it easier for you to fight existing acne. You should also take care to moisturize your skin at the last stage. For this, you can get help from natural oils such as peppermint oil, lavender oil and chamomile oil rather than chemical products.<\/p>\n\n\n<p>[contact-form-7 id=&#8221;ae411a3&#8243; title=&#8221;\u0130leti\u015fim formu 1&#8243;]<\/p>\n\t\t\t\t\t\t\t\t<\/div>\n\t\t\t\t<\/div>\n\t\t\t\t\t<\/div>\n\t\t\t\t<\/div>\n\t\t\t\t<\/div>\n\t\t","protected":false},"excerpt":{"rendered":"<p>Acne \/ pimples may occur as a result of clogging of the skin pores with factors such as dust and dirt. Clogging of pores can also lead to inflammation or blackheads on the skin. Therefore, acne \/ pimple care is very important. Reasons such as lack of hygiene, active activity of the sebaceous glands, hormonal [&hellip;]<\/p>\n","protected":false},"author":1,"featured_media":6079,"parent":0,"menu_order":0,"comment_status":"closed","ping_status":"closed","template":"","meta":{"site-sidebar-layout":"default","site-content-layout":"","ast-site-content-layout":"default","site-content-style":"default","site-sidebar-style":"default","ast-global-header-display":"","ast-banner-title-visibility":"","ast-main-header-display":"","ast-hfb-above-header-display":"","ast-hfb-below-header-display":"","ast-hfb-mobile-header-display":"","site-post-title":"","ast-breadcrumbs-content":"","ast-featured-img":"","footer-sml-layout":"","ast-disable-related-posts":"","theme-transparent-header-meta":"","adv-header-id-meta":"","stick-header-meta":"","header-above-stick-meta":"","header-main-stick-meta":"","header-below-stick-meta":"","astra-migrate-meta-layouts":"set","ast-page-background-enabled":"default","ast-page-background-meta":{"desktop":{"background-color":"","background-image":"","background-repeat":"repeat","background-position":"center center","background-size":"auto","background-attachment":"scroll","background-type":"","background-media":"","overlay-type":"","overlay-color":"","overlay-opacity":"","overlay-gradient":""},"tablet":{"background-color":"","background-image":"","background-repeat":"repeat","background-position":"center center","background-size":"auto","background-attachment":"scroll","background-type":"","background-media":"","overlay-type":"","overlay-color":"","overlay-opacity":"","overlay-gradient":""},"mobile":{"background-color":"","background-image":"","background-repeat":"repeat","background-position":"center center","background-size":"auto","background-attachment":"scroll","background-type":"","background-media":"","overlay-type":"","overlay-color":"","overlay-opacity":"","overlay-gradient":""}},"ast-content-background-meta":{"desktop":{"background-color":"var(--ast-global-color-5)","background-image":"","background-repeat":"repeat","background-position":"center center","background-size":"auto","background-attachment":"scroll","background-type":"","background-media":"","overlay-type":"","overlay-color":"","overlay-opacity":"","overlay-gradient":""},"tablet":{"background-color":"var(--ast-global-color-5)","background-image":"","background-repeat":"repeat","background-position":"center center","background-size":"auto","background-attachment":"scroll","background-type":"","background-media":"","overlay-type":"","overlay-color":"","overlay-opacity":"","overlay-gradient":""},"mobile":{"background-color":"var(--ast-global-color-5)","background-image":"","background-repeat":"repeat","background-position":"center center","background-size":"auto","background-attachment":"scroll","background-type":"","background-media":"","overlay-type":"","overlay-color":"","overlay-opacity":"","overlay-gradient":""}},"iawp_total_views":1,"footnotes":""},"class_list":["post-4128","page","type-page","status-publish","has-post-thumbnail","hentry"],"_links":{"self":[{"href":"https:\/\/www.esteticderm.com.tr\/en\/wp-json\/wp\/v2\/pages\/4128","targetHints":{"allow":["GET"]}}],"collection":[{"href":"https:\/\/www.esteticderm.com.tr\/en\/wp-json\/wp\/v2\/pages"}],"about":[{"href":"https:\/\/www.esteticderm.com.tr\/en\/wp-json\/wp\/v2\/types\/page"}],"author":[{"embeddable":true,"href":"https:\/\/www.esteticderm.com.tr\/en\/wp-json\/wp\/v2\/users\/1"}],"replies":[{"embeddable":true,"href":"https:\/\/www.esteticderm.com.tr\/en\/wp-json\/wp\/v2\/comments?post=4128"}],"version-history":[{"count":10,"href":"https:\/\/www.esteticderm.com.tr\/en\/wp-json\/wp\/v2\/pages\/4128\/revisions"}],"predecessor-version":[{"id":9462,"href":"https:\/\/www.esteticderm.com.tr\/en\/wp-json\/wp\/v2\/pages\/4128\/revisions\/9462"}],"wp:featuredmedia":[{"embeddable":true,"href":"https:\/\/www.esteticderm.com.tr\/en\/wp-json\/wp\/v2\/media\/6079"}],"wp:attachment":[{"href":"https:\/\/www.esteticderm.com.tr\/en\/wp-json\/wp\/v2\/media?parent=4128"}],"curies":[{"name":"wp","href":"https:\/\/api.w.org\/{rel}","templated":true}]}}